{"id":2,"date":"2024-10-09T11:09:29","date_gmt":"2024-10-09T11:09:29","guid":{"rendered":"https:\/\/jatorymas.rkinformatika.online\/?page_id=2"},"modified":"2024-10-22T08:38:16","modified_gmt":"2024-10-22T08:38:16","slug":"inicio","status":"publish","type":"page","link":"https:\/\/andrushchenko.es\/uk\/","title":{"rendered":"\u0413\u043e\u043b\u043e\u0432\u043d\u0430"},"content":{"rendered":"\t\t<div data-elementor-type=\"wp-page\" data-elementor-id=\"2\" class=\"elementor elementor-2\" data-elementor-post-type=\"page\">\n\t\t\t\t\t\t<section class=\"elementor-section elementor-top-section elementor-element elementor-element-5f6402af elementor-section-stretched elementor-section-boxed elementor-section-height-default elementor-section-height-default elementor-invisible\" data-id=\"5f6402af\" data-element_type=\"section\" data-e-type=\"section\" data-settings=\"{&quot;stretch_section&quot;:&quot;section-stretched&quot;,&quot;background_background&quot;:&quot;slideshow&quot;,&quot;background_slideshow_gallery&quot;:[{&quot;id&quot;:1104,&quot;url&quot;:&quot;https:\\\/\\\/andrushchenko.es\\\/wp-content\\\/uploads\\\/2024\\\/10\\\/nail-hygiene-care-beautician-client.jpg&quot;},{&quot;id&quot;:1105,&quot;url&quot;:&quot;https:\\\/\\\/andrushchenko.es\\\/wp-content\\\/uploads\\\/2024\\\/10\\\/young-man-doing-manicure-salon-beauty-concept-scaled.jpg&quot;},{&quot;id&quot;:1106,&quot;url&quot;:&quot;https:\\\/\\\/andrushchenko.es\\\/wp-content\\\/uploads\\\/2024\\\/10\\\/beautiful-woman-hands-salon-scaled.jpg&quot;},{&quot;id&quot;:1107,&quot;url&quot;:&quot;https:\\\/\\\/andrushchenko.es\\\/wp-content\\\/uploads\\\/2024\\\/10\\\/nail-care-manicure-process.jpg&quot;}],&quot;background_slideshow_lazyload&quot;:&quot;yes&quot;,&quot;background_slideshow_ken_burns&quot;:&quot;yes&quot;,&quot;animation&quot;:&quot;fadeIn&quot;,&quot;background_slideshow_loop&quot;:&quot;yes&quot;,&quot;background_slideshow_slide_duration&quot;:5000,&quot;background_slideshow_slide_transition&quot;:&quot;fade&quot;,&quot;background_slideshow_transition_duration&quot;:500,&quot;background_slideshow_ken_burns_zoom_direction&quot;:&quot;in&quot;}\">\n\t\t\t\t\t\t\t<div class=\"elementor-background-overlay\"><\/div>\n\t\t\t\t\t\t\t<div class=\"elementor-container elementor-column-gap-default\">\n\t\t\t\t\t<div class=\"elementor-column elementor-col-50 elementor-top-column elementor-element elementor-element-4595f451\" data-id=\"4595f451\" data-element_type=\"column\" data-e-type=\"column\">\n\t\t\t<div class=\"elementor-widget-wrap elementor-element-populated\">\n\t\t\t\t\t\t<div class=\"elementor-element elementor-element-2dd4b01 elementor-invisible elementor-widget elementor-widget-heading\" data-id=\"2dd4b01\" data-element_type=\"widget\" data-e-type=\"widget\" data-settings=\"{&quot;_animation&quot;:&quot;fadeInLeft&quot;}\" data-widget_type=\"heading.default\">\n\t\t\t\t<div class=\"elementor-widget-container\">\n\t\t\t\t\t<h1 class=\"elementor-heading-title elementor-size-default\">Bienvenidas a Andyuli Nail<\/h1>\t\t\t\t<\/div>\n\t\t\t\t<\/div>\n\t\t\t\t<div class=\"elementor-element elementor-element-490f61e elementor-invisible elementor-widget elementor-widget-text-editor\" data-id=\"490f61e\" data-element_type=\"widget\" data-e-type=\"widget\" data-settings=\"{&quot;_animation&quot;:&quot;fadeInRight&quot;}\" data-widget_type=\"text-editor.default\">\n\t\t\t\t<div class=\"elementor-widget-container\">\n\t\t\t\t\t\t\t\t\t<p>Vive una experiencia \u00fanica donde el arte y el cuidado se unen.<\/p><p>\u00a1Te mereces sentirte especial y valorado!<\/p>\t\t\t\t\t\t\t\t<\/div>\n\t\t\t\t<\/div>\n\t\t\t\t<div class=\"elementor-element elementor-element-68b40706 elementor-widget__width-auto elementor-mobile-align-justify elementor-widget-mobile__width-inherit elementor-invisible elementor-widget elementor-widget-button\" data-id=\"68b40706\" data-element_type=\"widget\" data-e-type=\"widget\" data-settings=\"{&quot;_animation&quot;:&quot;fadeInUp&quot;}\" data-widget_type=\"button.default\">\n\t\t\t\t<div class=\"elementor-widget-container\">\n\t\t\t\t\t\t\t\t\t<div class=\"elementor-button-wrapper\">\n\t\t\t\t\t<a class=\"elementor-button elementor-button-link elementor-size-md elementor-animation-hang\" href=\"https:\/\/n1204852.alteg.io\/company\/720287\/personal\/menu?o=m2104758\" target=\"_blank\">\n\t\t\t\t\t\t<span class=\"elementor-button-content-wrapper\">\n\t\t\t\t\t\t\t\t\t<span class=\"elementor-button-text\">Pedir citas<\/span>\n\t\t\t\t\t<\/span>\n\t\t\t\t\t<\/a>\n\t\t\t\t<\/div>\n\t\t\t\t\t\t\t\t<\/div>\n\t\t\t\t<\/div>\n\t\t\t\t<div class=\"elementor-element elementor-element-13596df6 elementor-widget__width-auto elementor-mobile-align-justify elementor-widget-mobile__width-inherit elementor-invisible elementor-widget elementor-widget-button\" data-id=\"13596df6\" data-element_type=\"widget\" data-e-type=\"widget\" data-settings=\"{&quot;_animation&quot;:&quot;fadeInUp&quot;}\" data-widget_type=\"button.default\">\n\t\t\t\t<div class=\"elementor-widget-container\">\n\t\t\t\t\t\t\t\t\t<div class=\"elementor-button-wrapper\">\n\t\t\t\t\t<a class=\"elementor-button elementor-button-link elementor-size-md elementor-animation-hang\" href=\"https:\/\/andrushchenko.es\/servicios\/\">\n\t\t\t\t\t\t<span class=\"elementor-button-content-wrapper\">\n\t\t\t\t\t\t\t\t\t<span class=\"elementor-button-text\">saber m\u00e1s<\/span>\n\t\t\t\t\t<\/span>\n\t\t\t\t\t<\/a>\n\t\t\t\t<\/div>\n\t\t\t\t\t\t\t\t<\/div>\n\t\t\t\t<\/div>\n\t\t\t\t\t<\/div>\n\t\t<\/div>\n\t\t\t\t<div class=\"elementor-column elementor-col-50 elementor-top-column elementor-element elementor-element-63f1136\" data-id=\"63f1136\" data-element_type=\"column\" data-e-type=\"column\">\n\t\t\t<div class=\"elementor-widget-wrap elementor-element-populated\">\n\t\t\t\t\t\t<section class=\"elementor-section elementor-inner-section elementor-element elementor-element-102fadb elementor-section-boxed elementor-section-height-default elementor-section-height-default\" data-id=\"102fadb\" data-element_type=\"section\" data-e-type=\"section\">\n\t\t\t\t\t\t<div class=\"elementor-container elementor-column-gap-no\">\n\t\t\t\t\t<div class=\"elementor-column elementor-col-50 elementor-inner-column elementor-element elementor-element-c6e9896\" data-id=\"c6e9896\" data-element_type=\"column\" data-e-type=\"column\">\n\t\t\t<div class=\"elementor-widget-wrap\">\n\t\t\t\t\t\t\t<\/div>\n\t\t<\/div>\n\t\t\t\t<div class=\"elementor-column elementor-col-50 elementor-inner-column elementor-element elementor-element-563e573\" data-id=\"563e573\" data-element_type=\"column\" data-e-type=\"column\">\n\t\t\t<div class=\"elementor-widget-wrap\">\n\t\t\t\t\t\t\t<\/div>\n\t\t<\/div>\n\t\t\t\t\t<\/div>\n\t\t<\/section>\n\t\t\t\t\t<\/div>\n\t\t<\/div>\n\t\t\t\t\t<\/div>\n\t\t<\/section>\n\t\t\t\t<section class=\"elementor-section elementor-top-section elementor-element elementor-element-3587dbf9 elementor-section-stretched elementor-section-boxed elementor-section-height-default elementor-section-height-default\" data-id=\"3587dbf9\" data-element_type=\"section\" data-e-type=\"section\" data-settings=\"{&quot;stretch_section&quot;:&quot;section-stretched&quot;}\">\n\t\t\t\t\t\t<div class=\"elementor-container elementor-column-gap-default\">\n\t\t\t\t\t<div class=\"elementor-column elementor-col-100 elementor-top-column elementor-element elementor-element-b338755\" data-id=\"b338755\" data-element_type=\"column\" data-e-type=\"column\">\n\t\t\t<div class=\"elementor-widget-wrap elementor-element-populated\">\n\t\t\t\t\t\t<section class=\"elementor-section elementor-inner-section elementor-element elementor-element-6d8dc3e3 elementor-section-content-middle elementor-section-boxed elementor-section-height-default elementor-section-height-default\" data-id=\"6d8dc3e3\" data-element_type=\"section\" data-e-type=\"section\" data-settings=\"{&quot;background_background&quot;:&quot;classic&quot;}\">\n\t\t\t\t\t\t<div class=\"elementor-container elementor-column-gap-wider\">\n\t\t\t\t\t<div class=\"elementor-column elementor-col-50 elementor-inner-column elementor-element elementor-element-3448c0c3 elementor-hidden-mobile elementor-invisible\" data-id=\"3448c0c3\" data-element_type=\"column\" data-e-type=\"column\" data-settings=\"{&quot;animation&quot;:&quot;fadeInLeft&quot;,&quot;background_background&quot;:&quot;classic&quot;}\">\n\t\t\t<div class=\"elementor-widget-wrap\">\n\t\t\t\t\t\t\t<\/div>\n\t\t<\/div>\n\t\t\t\t<div class=\"elementor-column elementor-col-50 elementor-inner-column elementor-element elementor-element-43fd68a4 elementor-invisible\" data-id=\"43fd68a4\" data-element_type=\"column\" data-e-type=\"column\" data-settings=\"{&quot;animation&quot;:&quot;fadeInRight&quot;}\">\n\t\t\t<div class=\"elementor-widget-wrap elementor-element-populated\">\n\t\t\t\t\t\t<div class=\"elementor-element elementor-element-bbb106f elementor-hidden-desktop elementor-hidden-tablet elementor-widget elementor-widget-image\" data-id=\"bbb106f\" data-element_type=\"widget\" data-e-type=\"widget\" data-widget_type=\"image.default\">\n\t\t\t\t<div class=\"elementor-widget-container\">\n\t\t\t\t\t\t\t\t\t\t\t\t\t\t\t<img fetchpriority=\"high\" decoding=\"async\" width=\"800\" height=\"800\" src=\"https:\/\/andrushchenko.es\/wp-content\/uploads\/2024\/10\/9-1024x1024.png\" class=\"attachment-large size-large wp-image-1118\" alt=\"\" srcset=\"https:\/\/andrushchenko.es\/wp-content\/uploads\/2024\/10\/9-1024x1024.png 1024w, https:\/\/andrushchenko.es\/wp-content\/uploads\/2024\/10\/9-300x300.png 300w, https:\/\/andrushchenko.es\/wp-content\/uploads\/2024\/10\/9-150x150.png 150w, https:\/\/andrushchenko.es\/wp-content\/uploads\/2024\/10\/9-768x768.png 768w, https:\/\/andrushchenko.es\/wp-content\/uploads\/2024\/10\/9-12x12.png 12w, https:\/\/andrushchenko.es\/wp-content\/uploads\/2024\/10\/9.png 1080w\" sizes=\"(max-width: 800px) 100vw, 800px\" \/>\t\t\t\t\t\t\t\t\t\t\t\t\t\t\t<\/div>\n\t\t\t\t<\/div>\n\t\t\t\t<div class=\"elementor-element elementor-element-438bf801 elementor-widget elementor-widget-heading\" data-id=\"438bf801\" data-element_type=\"widget\" data-e-type=\"widget\" data-widget_type=\"heading.default\">\n\t\t\t\t<div class=\"elementor-widget-container\">\n\t\t\t\t\t<h2 class=\"elementor-heading-title elementor-size-default\">Mi historia<\/h2>\t\t\t\t<\/div>\n\t\t\t\t<\/div>\n\t\t\t\t<div class=\"elementor-element elementor-element-296356b4 elementor-widget elementor-widget-text-editor\" data-id=\"296356b4\" data-element_type=\"widget\" data-e-type=\"widget\" data-widget_type=\"text-editor.default\">\n\t\t\t\t<div class=\"elementor-widget-container\">\n\t\t\t\t\t\t\t\t\t<p>\u00a1Hola! Soy Yuliia y tengo 14 a\u00f1os de experiencia en el fascinante mundo de la manicura y pedicura. A lo largo de mi carrera, he perfeccionado mis habilidades para ofrecerte un servicio verdaderamente personalizado, prestando atenci\u00f3n a cada detalle. Mi formaci\u00f3n y certificaciones en las t\u00e9cnicas m\u00e1s actuales me mantienen al tanto de las \u00faltimas tendencias, asegurando resultados impecables para cada cliente.<\/p><p>Mi pasi\u00f3n es fusionar el arte y el cuidado, creando experiencias \u00fanicas y satisfactorias. Para m\u00ed, lo m\u00e1s importante es brindar un servicio de calidad, donde cada persona se sienta especial y valorada.<\/p>\t\t\t\t\t\t\t\t<\/div>\n\t\t\t\t<\/div>\n\t\t\t\t\t<\/div>\n\t\t<\/div>\n\t\t\t\t\t<\/div>\n\t\t<\/section>\n\t\t\t\t\t<\/div>\n\t\t<\/div>\n\t\t\t\t\t<\/div>\n\t\t<\/section>\n\t\t\t\t<section class=\"elementor-section elementor-top-section elementor-element elementor-element-138d7d2e elementor-section-content-middle elementor-section-boxed elementor-section-height-default elementor-section-height-default\" data-id=\"138d7d2e\" data-element_type=\"section\" data-e-type=\"section\" data-settings=\"{&quot;background_background&quot;:&quot;classic&quot;}\">\n\t\t\t\t\t\t\t<div class=\"elementor-background-overlay\"><\/div>\n\t\t\t\t\t\t\t<div class=\"elementor-container elementor-column-gap-no\">\n\t\t\t\t\t<div class=\"elementor-column elementor-col-100 elementor-top-column elementor-element elementor-element-3b5f9cc7\" data-id=\"3b5f9cc7\" data-element_type=\"column\" data-e-type=\"column\">\n\t\t\t<div class=\"elementor-widget-wrap elementor-element-populated\">\n\t\t\t\t\t\t<div class=\"elementor-element elementor-element-66777d00 elementor-invisible elementor-widget elementor-widget-heading\" data-id=\"66777d00\" data-element_type=\"widget\" data-e-type=\"widget\" data-settings=\"{&quot;_animation&quot;:&quot;fadeInUp&quot;,&quot;_animation_delay&quot;:200}\" data-widget_type=\"heading.default\">\n\t\t\t\t<div class=\"elementor-widget-container\">\n\t\t\t\t\t<h2 class=\"elementor-heading-title elementor-size-default\">Dale a tus manos y pies el cuidado que merecen. \u00a1Agenda tu cita ya!<\/h2>\t\t\t\t<\/div>\n\t\t\t\t<\/div>\n\t\t\t\t<div class=\"elementor-element elementor-element-237ef690 elementor-align-center elementor-mobile-align-justify elementor-widget__width-initial elementor-widget-mobile__width-inherit elementor-invisible elementor-widget elementor-widget-button\" data-id=\"237ef690\" data-element_type=\"widget\" data-e-type=\"widget\" data-settings=\"{&quot;_animation&quot;:&quot;fadeInUp&quot;}\" data-widget_type=\"button.default\">\n\t\t\t\t<div class=\"elementor-widget-container\">\n\t\t\t\t\t\t\t\t\t<div class=\"elementor-button-wrapper\">\n\t\t\t\t\t<a class=\"elementor-button elementor-button-link elementor-size-md elementor-animation-hang\" href=\"https:\/\/wa.link\/6s66cm\" target=\"_blank\">\n\t\t\t\t\t\t<span class=\"elementor-button-content-wrapper\">\n\t\t\t\t\t\t\t\t\t<span class=\"elementor-button-text\">Llamanos<\/span>\n\t\t\t\t\t<\/span>\n\t\t\t\t\t<\/a>\n\t\t\t\t<\/div>\n\t\t\t\t\t\t\t\t<\/div>\n\t\t\t\t<\/div>\n\t\t\t\t\t<\/div>\n\t\t<\/div>\n\t\t\t\t\t<\/div>\n\t\t<\/section>\n\t\t\t\t<\/div>\n\t\t","protected":false},"excerpt":{"rendered":"<p>Bienvenidas a Andyuli Nail Vive una experiencia \u00fanica donde el arte y el cuidado se unen. \u00a1Te mereces sentirte especial y valorado! Pedir citas saber m\u00e1s Mi historia \u00a1Hola! Soy Yuliia y tengo 14 a\u00f1os de experiencia en el fascinante mundo de la manicura y pedicura. A lo largo de mi carrera, he perfeccionado mis [&hellip;]<\/p>\n","protected":false},"author":1,"featured_media":0,"parent":0,"menu_order":0,"comment_status":"closed","ping_status":"closed","template":"elementor_canvas","meta":{"footnotes":""},"class_list":["post-2","page","type-page","status-publish","hentry"],"yoast_head":"<!-- This site is optimized with the Yoast SEO plugin v27.4 - https:\/\/yoast.com\/product\/yoast-seo-wordpress\/ -->\n<title>Inicio - Andyuli Nail<\/title>\n<meta name=\"robots\" content=\"index, follow, max-snippet:-1, max-image-preview:large, max-video-preview:-1\" \/>\n<link rel=\"canonical\" href=\"https:\/\/andrushchenko.es\/uk\/\" \/>\n<meta property=\"og:locale\" content=\"uk_UA\" \/>\n<meta property=\"og:type\" content=\"article\" \/>\n<meta property=\"og:title\" content=\"Inicio - Andyuli Nail\" \/>\n<meta property=\"og:description\" content=\"Bienvenidas a Andyuli Nail Vive una experiencia \u00fanica donde el arte y el cuidado se unen. \u00a1Te mereces sentirte especial y valorado! Pedir citas saber m\u00e1s Mi historia \u00a1Hola! Soy Yuliia y tengo 14 a\u00f1os de experiencia en el fascinante mundo de la manicura y pedicura. A lo largo de mi carrera, he perfeccionado mis [&hellip;]\" \/>\n<meta property=\"og:url\" content=\"https:\/\/andrushchenko.es\/uk\/\" \/>\n<meta property=\"og:site_name\" content=\"Andyuli Nail\" \/>\n<meta property=\"article:modified_time\" content=\"2024-10-22T08:38:16+00:00\" \/>\n<meta property=\"og:image\" content=\"https:\/\/andrushchenko.es\/wp-content\/uploads\/2024\/10\/9.png\" \/>\n\t<meta property=\"og:image:width\" content=\"1080\" \/>\n\t<meta property=\"og:image:height\" content=\"1080\" \/>\n\t<meta property=\"og:image:type\" content=\"image\/png\" \/>\n<meta name=\"twitter:card\" content=\"summary_large_image\" \/>\n<meta name=\"twitter:label1\" content=\"\u041f\u0440\u0438\u0431\u043b. \u0447\u0430\u0441 \u0447\u0438\u0442\u0430\u043d\u043d\u044f\" \/>\n\t<meta name=\"twitter:data1\" content=\"1 \u0445\u0432\u0438\u043b\u0438\u043d\u0430\" \/>\n<script type=\"application\/ld+json\" class=\"yoast-schema-graph\">{\"@context\":\"https:\\\/\\\/schema.org\",\"@graph\":[{\"@type\":\"WebPage\",\"@id\":\"https:\\\/\\\/andrushchenko.es\\\/\",\"url\":\"https:\\\/\\\/andrushchenko.es\\\/\",\"name\":\"Inicio - Andyuli Nail\",\"isPartOf\":{\"@id\":\"https:\\\/\\\/andrushchenko.es\\\/#website\"},\"primaryImageOfPage\":{\"@id\":\"https:\\\/\\\/andrushchenko.es\\\/#primaryimage\"},\"image\":{\"@id\":\"https:\\\/\\\/andrushchenko.es\\\/#primaryimage\"},\"thumbnailUrl\":\"https:\\\/\\\/andrushchenko.es\\\/wp-content\\\/uploads\\\/2024\\\/10\\\/9-1024x1024.png\",\"datePublished\":\"2024-10-09T11:09:29+00:00\",\"dateModified\":\"2024-10-22T08:38:16+00:00\",\"breadcrumb\":{\"@id\":\"https:\\\/\\\/andrushchenko.es\\\/#breadcrumb\"},\"inLanguage\":\"uk\",\"potentialAction\":[{\"@type\":\"ReadAction\",\"target\":[\"https:\\\/\\\/andrushchenko.es\\\/\"]}]},{\"@type\":\"ImageObject\",\"inLanguage\":\"uk\",\"@id\":\"https:\\\/\\\/andrushchenko.es\\\/#primaryimage\",\"url\":\"https:\\\/\\\/andrushchenko.es\\\/wp-content\\\/uploads\\\/2024\\\/10\\\/9-1024x1024.png\",\"contentUrl\":\"https:\\\/\\\/andrushchenko.es\\\/wp-content\\\/uploads\\\/2024\\\/10\\\/9-1024x1024.png\"},{\"@type\":\"BreadcrumbList\",\"@id\":\"https:\\\/\\\/andrushchenko.es\\\/#breadcrumb\",\"itemListElement\":[{\"@type\":\"ListItem\",\"position\":1,\"name\":\"Portada\",\"item\":\"https:\\\/\\\/andrushchenko.es\\\/\"},{\"@type\":\"ListItem\",\"position\":2,\"name\":\"Inicio\"}]},{\"@type\":\"WebSite\",\"@id\":\"https:\\\/\\\/andrushchenko.es\\\/#website\",\"url\":\"https:\\\/\\\/andrushchenko.es\\\/\",\"name\":\"Andyuli Nail\",\"description\":\"Manicurista y pedicura\",\"publisher\":{\"@id\":\"https:\\\/\\\/andrushchenko.es\\\/#organization\"},\"potentialAction\":[{\"@type\":\"SearchAction\",\"target\":{\"@type\":\"EntryPoint\",\"urlTemplate\":\"https:\\\/\\\/andrushchenko.es\\\/?s={search_term_string}\"},\"query-input\":{\"@type\":\"PropertyValueSpecification\",\"valueRequired\":true,\"valueName\":\"search_term_string\"}}],\"inLanguage\":\"uk\"},{\"@type\":\"Organization\",\"@id\":\"https:\\\/\\\/andrushchenko.es\\\/#organization\",\"name\":\"Andyuli Nail\",\"url\":\"https:\\\/\\\/andrushchenko.es\\\/\",\"logo\":{\"@type\":\"ImageObject\",\"inLanguage\":\"uk\",\"@id\":\"https:\\\/\\\/andrushchenko.es\\\/#\\\/schema\\\/logo\\\/image\\\/\",\"url\":\"https:\\\/\\\/andrushchenko.es\\\/wp-content\\\/uploads\\\/2024\\\/10\\\/cropped-2.png\",\"contentUrl\":\"https:\\\/\\\/andrushchenko.es\\\/wp-content\\\/uploads\\\/2024\\\/10\\\/cropped-2.png\",\"width\":500,\"height\":300,\"caption\":\"Andyuli Nail\"},\"image\":{\"@id\":\"https:\\\/\\\/andrushchenko.es\\\/#\\\/schema\\\/logo\\\/image\\\/\"}}]}<\/script>\n<!-- \/ Yoast SEO plugin. -->","yoast_head_json":{"title":"Inicio - Andyuli Nail","robots":{"index":"index","follow":"follow","max-snippet":"max-snippet:-1","max-image-preview":"max-image-preview:large","max-video-preview":"max-video-preview:-1"},"canonical":"https:\/\/andrushchenko.es\/uk\/","og_locale":"uk_UA","og_type":"article","og_title":"Inicio - Andyuli Nail","og_description":"Bienvenidas a Andyuli Nail Vive una experiencia \u00fanica donde el arte y el cuidado se unen. \u00a1Te mereces sentirte especial y valorado! Pedir citas saber m\u00e1s Mi historia \u00a1Hola! Soy Yuliia y tengo 14 a\u00f1os de experiencia en el fascinante mundo de la manicura y pedicura. A lo largo de mi carrera, he perfeccionado mis [&hellip;]","og_url":"https:\/\/andrushchenko.es\/uk\/","og_site_name":"Andyuli Nail","article_modified_time":"2024-10-22T08:38:16+00:00","og_image":[{"width":1080,"height":1080,"url":"https:\/\/andrushchenko.es\/wp-content\/uploads\/2024\/10\/9.png","type":"image\/png"}],"twitter_card":"summary_large_image","twitter_misc":{"\u041f\u0440\u0438\u0431\u043b. \u0447\u0430\u0441 \u0447\u0438\u0442\u0430\u043d\u043d\u044f":"1 \u0445\u0432\u0438\u043b\u0438\u043d\u0430"},"schema":{"@context":"https:\/\/schema.org","@graph":[{"@type":"WebPage","@id":"https:\/\/andrushchenko.es\/","url":"https:\/\/andrushchenko.es\/","name":"Inicio - Andyuli Nail","isPartOf":{"@id":"https:\/\/andrushchenko.es\/#website"},"primaryImageOfPage":{"@id":"https:\/\/andrushchenko.es\/#primaryimage"},"image":{"@id":"https:\/\/andrushchenko.es\/#primaryimage"},"thumbnailUrl":"https:\/\/andrushchenko.es\/wp-content\/uploads\/2024\/10\/9-1024x1024.png","datePublished":"2024-10-09T11:09:29+00:00","dateModified":"2024-10-22T08:38:16+00:00","breadcrumb":{"@id":"https:\/\/andrushchenko.es\/#breadcrumb"},"inLanguage":"uk","potentialAction":[{"@type":"ReadAction","target":["https:\/\/andrushchenko.es\/"]}]},{"@type":"ImageObject","inLanguage":"uk","@id":"https:\/\/andrushchenko.es\/#primaryimage","url":"https:\/\/andrushchenko.es\/wp-content\/uploads\/2024\/10\/9-1024x1024.png","contentUrl":"https:\/\/andrushchenko.es\/wp-content\/uploads\/2024\/10\/9-1024x1024.png"},{"@type":"BreadcrumbList","@id":"https:\/\/andrushchenko.es\/#breadcrumb","itemListElement":[{"@type":"ListItem","position":1,"name":"Portada","item":"https:\/\/andrushchenko.es\/"},{"@type":"ListItem","position":2,"name":"Inicio"}]},{"@type":"WebSite","@id":"https:\/\/andrushchenko.es\/#website","url":"https:\/\/andrushchenko.es\/","name":"Andyuli Nail","description":"Manicurista y pedicura","publisher":{"@id":"https:\/\/andrushchenko.es\/#organization"},"potentialAction":[{"@type":"SearchAction","target":{"@type":"EntryPoint","urlTemplate":"https:\/\/andrushchenko.es\/?s={search_term_string}"},"query-input":{"@type":"PropertyValueSpecification","valueRequired":true,"valueName":"search_term_string"}}],"inLanguage":"uk"},{"@type":"Organization","@id":"https:\/\/andrushchenko.es\/#organization","name":"Andyuli Nail","url":"https:\/\/andrushchenko.es\/","logo":{"@type":"ImageObject","inLanguage":"uk","@id":"https:\/\/andrushchenko.es\/#\/schema\/logo\/image\/","url":"https:\/\/andrushchenko.es\/wp-content\/uploads\/2024\/10\/cropped-2.png","contentUrl":"https:\/\/andrushchenko.es\/wp-content\/uploads\/2024\/10\/cropped-2.png","width":500,"height":300,"caption":"Andyuli Nail"},"image":{"@id":"https:\/\/andrushchenko.es\/#\/schema\/logo\/image\/"}}]}},"_links":{"self":[{"href":"https:\/\/andrushchenko.es\/uk\/wp-json\/wp\/v2\/pages\/2","targetHints":{"allow":["GET"]}}],"collection":[{"href":"https:\/\/andrushchenko.es\/uk\/wp-json\/wp\/v2\/pages"}],"about":[{"href":"https:\/\/andrushchenko.es\/uk\/wp-json\/wp\/v2\/types\/page"}],"author":[{"embeddable":true,"href":"https:\/\/andrushchenko.es\/uk\/wp-json\/wp\/v2\/users\/1"}],"replies":[{"embeddable":true,"href":"https:\/\/andrushchenko.es\/uk\/wp-json\/wp\/v2\/comments?post=2"}],"version-history":[{"count":350,"href":"https:\/\/andrushchenko.es\/uk\/wp-json\/wp\/v2\/pages\/2\/revisions"}],"predecessor-version":[{"id":1405,"href":"https:\/\/andrushchenko.es\/uk\/wp-json\/wp\/v2\/pages\/2\/revisions\/1405"}],"wp:attachment":[{"href":"https:\/\/andrushchenko.es\/uk\/wp-json\/wp\/v2\/media?parent=2"}],"curies":[{"name":"wp","href":"https:\/\/api.w.org\/{rel}","templated":true}]}}